{"id":28,"date":"2021-07-19T09:50:09","date_gmt":"2021-07-19T06:50:09","guid":{"rendered":"http:\/\/data.accelerator.uz\/?page_id=28"},"modified":"2023-03-10T13:31:02","modified_gmt":"2023-03-10T10:31:02","slug":"startups-financing","status":"publish","type":"page","link":"http:\/\/data.accelerator.uz\/kk\/startups-financing\/","title":{"rendered":"Startaplard\u0131 qarj\u0131land\u0131r\u0131w"},"content":{"rendered":"","protected":false},"excerpt":{"rendered":"","protected":false},"author":1,"featured_media":0,"parent":0,"menu_order":0,"comment_status":"closed","ping_status":"closed","template":"","meta":[],"_links":{"self":[{"href":"http:\/\/data.accelerator.uz\/kk\/wp-json\/wp\/v2\/pages\/28"}],"collection":[{"href":"http:\/\/data.accelerator.uz\/kk\/wp-json\/wp\/v2\/pages"}],"about":[{"href":"http:\/\/data.accelerator.uz\/kk\/wp-json\/wp\/v2\/types\/page"}],"author":[{"embeddable":true,"href":"http:\/\/data.accelerator.uz\/kk\/wp-json\/wp\/v2\/users\/1"}],"replies":[{"embeddable":true,"href":"http:\/\/data.accelerator.uz\/kk\/wp-json\/wp\/v2\/comments?post=28"}],"version-history":[{"count":6,"href":"http:\/\/data.accelerator.uz\/kk\/wp-json\/wp\/v2\/pages\/28\/revisions"}],"predecessor-version":[{"id":1690,"href":"http:\/\/data.accelerator.uz\/kk\/wp-json\/wp\/v2\/pages\/28\/revisions\/1690"}],"wp:attachment":[{"href":"http:\/\/data.accelerator.uz\/kk\/wp-json\/wp\/v2\/media?parent=28"}],"curies":[{"name":"wp","href":"https:\/\/api.w.org\/{rel}","templated":true}]}}